{"id":399,"date":"2012-12-05T12:36:21","date_gmt":"2012-12-05T12:36:21","guid":{"rendered":"http:\/\/localhost\/eprom\/?page_id=399"},"modified":"2015-09-28T12:49:30","modified_gmt":"2015-09-28T12:49:30","slug":"artists","status":"publish","type":"page","link":"https:\/\/edicao2016.angrajazz.com\/en\/artists\/","title":{"rendered":"Musicians"},"content":{"rendered":"<div class=\"items artists\"><article class=\"col-1-3 clearfix\"><a href=\"https:\/\/edicao2016.angrajazz.com\/en\/artist\/orquestra-angrajazz-2016\/\" class=\"aligncenter thumb-icon\"  ><img decoding=\"async\" src=\"https:\/\/edicao2016.angrajazz.com\/wp-content\/themes\/imix\/thumb.php?src=http:\/\/edicao2016.angrajazz.com\/wp-content\/uploads\/2016\/07\/slide1.jpg&amp;a=c&amp;w=460&amp;h=460&amp;q=80\" alt=\"http:\/\/edicao2016.angrajazz.com\/wp-content\/uploads\/2016\/07\/slide1.jpg\" title=\"ORQUESTRA ANGRAJAZZ\" class=\"\" ><span class=\"icon plus\"><\/span><\/a><footer><h3><a href=\"https:\/\/edicao2016.angrajazz.com\/en\/artist\/orquestra-angrajazz-2016\/\">ORQUESTRA ANGRAJAZZ<\/a><\/h3><p>A Orquestra \u00e9 o projecto de forma\u00e7\u00e3o da Associa\u00e7\u00e3o Cultural Angrajazz. Reuniu-se pela primeira vez em Julho de 2002, tendo feito o seu concerto inaugural no 4.\u00ba Angrajazz. \u00a0Desde o seu in\u00edcio tem a Direc\u00e7\u00e3o Musical dos m\u00fasicos Claus Nymark e Pedro Moreira. \u00a0Em Maio de 2006 lan\u00e7ou o seu primeiro CD \u201cOrquestra Angrajazz com [&hellip;]<\/p><div class=\"cat\">Jazz<\/div><\/footer><\/article><article class=\"col-1-3 clearfix\"><a href=\"https:\/\/edicao2016.angrajazz.com\/en\/artist\/christian-mcbride-trio\/\" class=\"aligncenter thumb-icon\"  ><img decoding=\"async\" src=\"https:\/\/edicao2016.angrajazz.com\/wp-content\/themes\/imix\/thumb.php?src=http:\/\/edicao2016.angrajazz.com\/wp-content\/uploads\/2016\/07\/3.jpg&amp;a=c&amp;w=460&amp;h=460&amp;q=80\" alt=\"http:\/\/edicao2016.angrajazz.com\/wp-content\/uploads\/2016\/07\/3.jpg\" title=\"CHRISTIAN McBRIDE TRIO\" class=\"\" ><span class=\"icon plus\"><\/span><\/a><footer><h3><a href=\"https:\/\/edicao2016.angrajazz.com\/en\/artist\/christian-mcbride-trio\/\">CHRISTIAN McBRIDE TRIO<\/a><\/h3><p>Vencedor por quarto vezes dos Grammy, o contrabaixista Christian McBride, nascido em 31 de Maio de 1972 em Filad\u00e9lfia, pode ser considerado uma for\u00e7a da natureza, fundindo o fogo e a f\u00faria de um virtuoso com a profundidade e o grande conhecimento de um viajante experiente. Alimentado por uma energia incans\u00e1vel e um amor sem [&hellip;]<\/p><div class=\"cat\">Jazz<\/div><\/footer><\/article><article class=\"col-1-3 clearfix\"><a href=\"https:\/\/edicao2016.angrajazz.com\/en\/artist\/desiderio-lazaro\/\" class=\"aligncenter thumb-icon\"  ><img decoding=\"async\" src=\"https:\/\/edicao2016.angrajazz.com\/wp-content\/themes\/imix\/thumb.php?src=http:\/\/edicao2016.angrajazz.com\/wp-content\/uploads\/2016\/07\/1.jpg&amp;a=c&amp;w=460&amp;h=460&amp;q=80\" alt=\"http:\/\/edicao2016.angrajazz.com\/wp-content\/uploads\/2016\/07\/1.jpg\" title=\"DESID\u00c9RIO L\u00c1ZARO \u201cSUBTRACTIVE COLORS\u201d\" class=\"\" ><span class=\"icon plus\"><\/span><\/a><footer><h3><a href=\"https:\/\/edicao2016.angrajazz.com\/en\/artist\/desiderio-lazaro\/\">DESID\u00c9RIO L\u00c1ZARO \u201cSUBTRACTIVE COLORS\u201d<\/a><\/h3><p>Desid\u00e9rio L\u00e1zaro nasceu em Faro e cedo iniciou a sua forma\u00e7\u00e3o em m\u00fasica cl\u00e1ssica. \u00a0Representou todas as escolas por onde passou, e fez parte de m\u00faltiplas orquestras e bandas filarm\u00f3nicas. \u00a0Em 2002 enveredou pelo estudo do jazz e do saxofone, na escola de jazz Villas Boas (Hot Clube) com Paulo Gaspar e Pedro Moreira. \u00a0Dois [&hellip;]<\/p><div class=\"cat\">Jazz<\/div><\/footer><\/article><article class=\"col-1-3 clearfix\"><a href=\"https:\/\/edicao2016.angrajazz.com\/en\/artist\/ralph-alessi\/\" class=\"aligncenter thumb-icon\"  ><img decoding=\"async\" src=\"https:\/\/edicao2016.angrajazz.com\/wp-content\/themes\/imix\/thumb.php?src=http:\/\/edicao2016.angrajazz.com\/wp-content\/uploads\/2016\/07\/4.jpg&amp;a=c&amp;w=460&amp;h=460&amp;q=80\" alt=\"http:\/\/edicao2016.angrajazz.com\/wp-content\/uploads\/2016\/07\/4.jpg\" title=\"RALPH ALESSI \u201cBAIDA QUARTET\u201d\" class=\"\" ><span class=\"icon plus\"><\/span><\/a><footer><h3><a href=\"https:\/\/edicao2016.angrajazz.com\/en\/artist\/ralph-alessi\/\">RALPH ALESSI \u201cBAIDA QUARTET\u201d<\/a><\/h3><p>O trompetista, compositor e professor Ralph Alessi nasceu em S. Francisco, filho de um trompetista cl\u00e1ssico e de uma cantora de \u00f3pera. \u00a0Depois de se graduar em trompete de jazz e contrabaixo, que estudou com o lend\u00e1rio Charlie Haden, mudou-se para Nova Iorque onde se tornou uma presen\u00e7a constante na cena jazz\u00edstica. Tem sido um [&hellip;]<\/p><div class=\"cat\">Jazz<\/div><\/footer><\/article><article class=\"col-1-3 clearfix\"><a href=\"https:\/\/edicao2016.angrajazz.com\/en\/artist\/charemee-wade-quartet\/\" class=\"aligncenter thumb-icon\"  ><img decoding=\"async\" src=\"https:\/\/edicao2016.angrajazz.com\/wp-content\/themes\/imix\/thumb.php?src=http:\/\/edicao2016.angrajazz.com\/wp-content\/uploads\/2016\/07\/2.jpg&amp;a=c&amp;w=460&amp;h=460&amp;q=80\" alt=\"http:\/\/edicao2016.angrajazz.com\/wp-content\/uploads\/2016\/07\/2.jpg\" title=\"CHAREN\u00c9E WADE QUARTET\" class=\"\" ><span class=\"icon plus\"><\/span><\/a><footer><h3><a href=\"https:\/\/edicao2016.angrajazz.com\/en\/artist\/charemee-wade-quartet\/\">CHAREN\u00c9E WADE QUARTET<\/a><\/h3><p>Vencedora do segundo lugar na competi\u00e7\u00e3o de vocalistas do Thelonious Monk Institute em 2010, Charen\u00e9e Wade \u00e9 uma not\u00e1vel cantora, compositora, arranjadora e professora que se graduou na Manhattan School of Music. Fez parte do Betty Carter\u2019s Jazz Ahead Program, foi uma das quatro escolhidas para o Dianne Reeves Young Artist Workshop no Carnegie Hall [&hellip;]<\/p><div class=\"cat\">Jazz<\/div><\/footer><\/article><article class=\"col-1-3 clearfix\"><a href=\"https:\/\/edicao2016.angrajazz.com\/en\/artist\/the-cookers\/\" class=\"aligncenter thumb-icon\"  ><img decoding=\"async\" src=\"https:\/\/edicao2016.angrajazz.com\/wp-content\/themes\/imix\/thumb.php?src=http:\/\/edicao2016.angrajazz.com\/wp-content\/uploads\/2016\/07\/6.jpg&amp;a=c&amp;w=460&amp;h=460&amp;q=80\" alt=\"http:\/\/edicao2016.angrajazz.com\/wp-content\/uploads\/2016\/07\/6.jpg\" title=\"THE COOKERS\" class=\"\" ><span class=\"icon plus\"><\/span><\/a><footer><h3><a href=\"https:\/\/edicao2016.angrajazz.com\/en\/artist\/the-cookers\/\">THE COOKERS<\/a><\/h3><p>Este septeto congrega um agressivo esp\u00edrito musical de meados dos anos sessenta com uma potente colec\u00e7\u00e3o de expansivos originais post-bop marcados pelo instinto e a perfei\u00e7\u00e3o de alguns dos pesos pesados da cena jazz\u00edstica de hoje. Cecil McBee, George Cables, Eddie Henderson e Billy Hart surgiram na era inebriante de meados dos anos 60. \u00a0Foi [&hellip;]<\/p><div class=\"cat\">Jazz<\/div><\/footer><\/article><\/div>\n","protected":false},"excerpt":{"rendered":"{:pt} Bio. THE COOKERS Eddie Henderson, David Weiss, Craig Handy, Donald Harrison, George Cables, Cecil McBee e Billy Hart. Dia 15, 23h30 Este septeto congrega um agressivo esp\u00edrito musical de meados dos anos sessenta com uma potente colec\u00e7\u00e3o de expansivos originais post-bop marcados pelo instinto e a perfei\u00e7\u00e3o de alguns dos pesos pesados da cena [...]","protected":false},"author":1,"featured_media":0,"parent":0,"menu_order":0,"comment_status":"closed","ping_status":"closed","template":"","meta":{"footnotes":""},"class_list":["post-399","page","type-page","status-publish","hentry"],"translation":{"provider":"WPGlobus","version":"3.0.0","language":"en","enabled_languages":["pt","en"],"languages":{"pt":{"title":true,"content":true,"excerpt":false},"en":{"title":true,"content":true,"excerpt":false}}},"_links":{"self":[{"href":"https:\/\/edicao2016.angrajazz.com\/en\/wp-json\/wp\/v2\/pages\/399","targetHints":{"allow":["GET"]}}],"collection":[{"href":"https:\/\/edicao2016.angrajazz.com\/en\/wp-json\/wp\/v2\/pages"}],"about":[{"href":"https:\/\/edicao2016.angrajazz.com\/en\/wp-json\/wp\/v2\/types\/page"}],"author":[{"embeddable":true,"href":"https:\/\/edicao2016.angrajazz.com\/en\/wp-json\/wp\/v2\/users\/1"}],"replies":[{"embeddable":true,"href":"https:\/\/edicao2016.angrajazz.com\/en\/wp-json\/wp\/v2\/comments?post=399"}],"version-history":[{"count":4,"href":"https:\/\/edicao2016.angrajazz.com\/en\/wp-json\/wp\/v2\/pages\/399\/revisions"}],"predecessor-version":[{"id":931,"href":"https:\/\/edicao2016.angrajazz.com\/en\/wp-json\/wp\/v2\/pages\/399\/revisions\/931"}],"wp:attachment":[{"href":"https:\/\/edicao2016.angrajazz.com\/en\/wp-json\/wp\/v2\/media?parent=399"}],"curies":[{"name":"wp","href":"https:\/\/api.w.org\/{rel}","templated":true}]}}