{"id":584,"date":"2015-09-16T13:55:21","date_gmt":"2015-09-16T13:55:21","guid":{"rendered":"http:\/\/edicao2015.angrajazz.com\/?page_id=584"},"modified":"2016-08-24T14:24:24","modified_gmt":"2016-08-24T14:24:24","slug":"orquestra-angrajazz","status":"publish","type":"page","link":"https:\/\/edicao2016.angrajazz.com\/en\/orquestra-angrajazz\/","title":{"rendered":"Orchestra AngraJazz"},"content":{"rendered":"<p>A Orquestra \u00e9 o projecto de forma\u00e7\u00e3o da Associa\u00e7\u00e3o Cultural Angrajazz. Reuniu-se pela primeira vez em Julho de 2002, tendo feito o seu concerto inaugural no 4.\u00ba Angrajazz. \u00a0Desde o seu in\u00edcio tem a Direc\u00e7\u00e3o Musical dos m\u00fasicos Claus Nymark e Pedro Moreira. \u00a0Em Maio de 2006 lan\u00e7ou o seu primeiro CD \u201cOrquestra Angrajazz com Paula Oliveira\u201d.<\/p>\n<p>Tocou com grandes m\u00fasicos portugueses como Paula Oliveira, M\u00e1rio Laginha, Z\u00e9 Eduardo, Afonso Pais, M\u00e1rio Barreiros, Hugo Alves, Lu\u00eds Cunha e Ricardo Toscano.\u00a0 Para al\u00e9m de in\u00fameros concertos na ilha Terceira j\u00e1 se apresentou por cinco vezes em Lisboa, no Funchal Jazz, e nas ilhas de S. Jorge, S. Miguel e Graciosa.<\/p>\n<p>Em 2015 participou no programa de anima\u00e7\u00e3o cultural \u201cLisboa na Rua\u201d, coproduzido pela EGEAC\/Cultura em Lisboa e pelo Hot Clube de Portugal, integrando o ciclo \u201cA Arte da Big Band \u2013 5 Orquestras de Jazz\u201d.\u00a0 Neste ciclo, participaram ainda a Big Band de Jazz do Munic\u00edpio da Nazar\u00e9, a Thoneline Orchestra \u2013 Alemanha, a LUME \u2013 Lisbon Underground Music Ensemble e a Orquestra de Jazz do Hot Club de Portugal.<\/p>\n<p>Neste 18\u00ba Angrajazz, a Orquestra ter\u00e1 como m\u00fasicos convidados o clarinetista Paulo Gaspar e o saxofonista Ricardo Toscano, e interpretar\u00e1 na \u00edntegra, pela primeira vez em Portugal, The Far East Suite do grande Duke Ellington.<\/p>\n<p style=\"text-align: center;\"><strong>MEMBROS<\/strong><\/p>\n<p style=\"text-align: center;\">Pedro Moreira e Claus Nymark, direc\u00e7\u00e3o<br \/>\nPaulo Gaspar . clarinetes soprano e baixo<br \/>\nRicardo Toscano . saxofone alto<\/p>\n<p style=\"text-align: center;\">Sara Miguel . voz<\/p>\n<p style=\"text-align: center;\">Rui Borba . saxofone alto<br \/>\nMicaela Matos . saxofone alto<br \/>\nDavide Corvelo . saxofone alto<br \/>\nRui Melo . saxofone tenor<br \/>\nMauro Louren\u00e7o . saxofone tenor<br \/>\nJos\u00e9 Pedro Pires . saxofone bar\u00edtono<\/p>\n<p style=\"text-align: center;\">M\u00e1rcio Cota . trompete<br \/>\nPaulo Borges . trompete<br \/>\nBr\u00e1ulio Brito . trompete<br \/>\nRoberto Rosa . trompete<\/p>\n<p style=\"text-align: center;\">Manuel Almeida . trombone<br \/>\nMiguel Moutinho . trombone<br \/>\nRodrigo Lucas . trombone<br \/>\nMario Melo . trombone<br \/>\nGon\u00e7alo Ormonde . trompa<\/p>\n<p style=\"text-align: center;\">Antonella Barletta . piano<br \/>\nNivaldo Sousa . guitarra<br \/>\nPaulo Cunha . contrabaixo<br \/>\nNuno Pinheiro . bateria<\/p>\n<p><center><div style=\"width: 320px;\" class=\"wp-video\"><!--[if lt IE 9]><script>document.createElement('video');<\/script><![endif]-->\n<video class=\"wp-video-shortcode\" id=\"video-584-1\" width=\"320\" height=\"240\" preload=\"metadata\" controls=\"controls\"><source type=\"video\/x-flv\" src=\"http:\/\/edicao2015.angrajazz.com\/wp-content\/uploads\/2015\/09\/video01.flv?_=1\" \/><a href=\"http:\/\/edicao2015.angrajazz.com\/wp-content\/uploads\/2015\/09\/video01.flv\">http:\/\/edicao2015.angrajazz.com\/wp-content\/uploads\/2015\/09\/video01.flv<\/a><\/video><\/div>\n<p><span style=\"color: #808080;\"><br \/>\nSUPPORT FOR TRAINING PROJECT:<\/span><br \/>\n<img loading=\"lazy\" decoding=\"async\" class=\"size-full wp-image-1190\" src=\"http:\/\/edicao2015.angrajazz.com\/wp-content\/uploads\/2015\/09\/guarita.png\" alt=\"guarita\" width=\"206\" height=\"80\" \/><\/p>\n<p>&nbsp;<\/p>\n<p>&nbsp;<\/p>\n<p>&nbsp;<\/p>\n<p><\/center><\/p>\n","protected":false},"excerpt":{"rendered":"<p>A Orquestra \u00e9 o projecto de forma\u00e7\u00e3o da Associa\u00e7\u00e3o Cultural Angrajazz. Reuniu-se pela primeira vez em Julho de 2002, tendo feito o seu concerto inaugural no 4.\u00ba Angrajazz. \u00a0Desde o seu in\u00edcio tem a Direc\u00e7\u00e3o Musical dos m\u00fasicos Claus Nymark e Pedro Moreira. \u00a0Em Maio de 2006 lan\u00e7ou o seu primeiro CD \u201cOrquestra Angrajazz com [&hellip;]<\/p>\n","protected":false},"author":1,"featured_media":0,"parent":0,"menu_order":0,"comment_status":"closed","ping_status":"closed","template":"","meta":{"footnotes":""},"class_list":["post-584","page","type-page","status-publish","hentry"],"translation":{"provider":"WPGlobus","version":"3.0.0","language":"en","enabled_languages":["pt","en"],"languages":{"pt":{"title":true,"content":true,"excerpt":false},"en":{"title":true,"content":true,"excerpt":false}}},"_links":{"self":[{"href":"https:\/\/edicao2016.angrajazz.com\/en\/wp-json\/wp\/v2\/pages\/584","targetHints":{"allow":["GET"]}}],"collection":[{"href":"https:\/\/edicao2016.angrajazz.com\/en\/wp-json\/wp\/v2\/pages"}],"about":[{"href":"https:\/\/edicao2016.angrajazz.com\/en\/wp-json\/wp\/v2\/types\/page"}],"author":[{"embeddable":true,"href":"https:\/\/edicao2016.angrajazz.com\/en\/wp-json\/wp\/v2\/users\/1"}],"replies":[{"embeddable":true,"href":"https:\/\/edicao2016.angrajazz.com\/en\/wp-json\/wp\/v2\/comments?post=584"}],"version-history":[{"count":19,"href":"https:\/\/edicao2016.angrajazz.com\/en\/wp-json\/wp\/v2\/pages\/584\/revisions"}],"predecessor-version":[{"id":1342,"href":"https:\/\/edicao2016.angrajazz.com\/en\/wp-json\/wp\/v2\/pages\/584\/revisions\/1342"}],"wp:attachment":[{"href":"https:\/\/edicao2016.angrajazz.com\/en\/wp-json\/wp\/v2\/media?parent=584"}],"curies":[{"name":"wp","href":"https:\/\/api.w.org\/{rel}","templated":true}]}}