{"id":641,"date":"2015-09-22T09:59:54","date_gmt":"2015-09-22T09:59:54","guid":{"rendered":"http:\/\/edicao2015.angrajazz.com\/?page_id=641"},"modified":"2015-09-28T11:24:20","modified_gmt":"2015-09-28T11:24:20","slug":"links","status":"publish","type":"page","link":"https:\/\/edicao2016.angrajazz.com\/en\/links\/","title":{"rendered":"Links"},"content":{"rendered":"<div class=\"col-1-2\">\n<p>A\u00c7ORES<\/p>\n<p>Governo dos A\u00e7ores &#8211; <a href=\"http:\/\/www.azores.gov.pt\/\">http:\/\/www.azores.gov.pt\/<\/a><br \/>\nC\u00e2mara Municipal de Angra do Hero\u00edsmo &#8211; <a href=\"http:\/\/www.cmah.pt\">www.cmah.pt<\/a><br \/>\nVisit Azores &#8211; <a href=\"http:\/\/www.visitazores.com\/pt-pt\">http:\/\/www.visitazores.com\/pt-pt<\/a><br \/>\nDestinazores &#8211; <a href=\"http:\/\/www.destinazores.com\/\">http:\/\/www.destinazores.com\/<\/a><br \/>\nAzorestourism &#8211; <a href=\"http:\/\/www.azorestourism.com\/\">http:\/\/www.azorestourism.com\/<\/a><br \/>\nIAC &#8211; <a href=\"http:\/\/www.iac-azores.org\/\">http:\/\/www.iac-azores.org\/<\/a><br \/>\nMAH &#8211; <a href=\"http:\/\/museu-angra.azores.gov.pt\/\">http:\/\/museu-angra.azores.gov.pt\/<\/a><br \/>\nHotel do Caracol &#8211; <a href=\"http:\/\/pt.hoteldocaracol.com\/\">http:\/\/pt.hoteldocaracol.com\/<\/a><\/p>\n<\/div>\n<div class=\"col-1-2 last\">\n<p>JAZZ<\/p>\n<p>All About Jazz &#8211; <a href=\"http:\/\/www.allaboutjazz.com\/\">http:\/\/www.allaboutjazz.com\/<\/a><br \/>\nAll That Jazz &#8211;<a href=\"https:\/\/coiso.wordpress.com\/\">https:\/\/coiso.wordpress.com\/<\/a><br \/>\nAssocia\u00e7\u00e3o Gr\u00e9mio das M\u00fasicas &#8211; <a href=\"http:\/\/www.gremiodasmusicas.org\/net\/\">http:\/\/www.gremiodasmusicas.org\/net\/<\/a><br \/>\nClean Feed &#8211;<a href=\"http:\/\/cleanfeed-records.com\/\">http:\/\/cleanfeed-records.com\/<\/a><br \/>\nDownbeat &#8211; <a href=\"http:\/\/www.downbeat.com\/\">http:\/\/www.downbeat.com\/<\/a><br \/>\nDargil &#8211; <a href=\"http:\/\/www.dargil.pt\/\">http:\/\/www.dargil.pt\/<\/a><br \/>\nEmArcy Records &#8211; <a href=\"http:\/\/www.rounder.com\/\">http:\/\/www.rounder.com\/<\/a><br \/>\nHCP Escola de Jazz &#8211; <a href=\"http:\/\/www.hcp.pt\/home\/escola\">http:\/\/www.hcp.pt\/home\/escola<\/a><br \/>\nHCP Hot Clube de Portugal &#8211; <a href=\"http:\/\/www.hcp.pt\/\">http:\/\/www.hcp.pt\/<\/a><br \/>\nJazz ao Centro &#8211; <a href=\"http:\/\/www.jacc.pt\/\">http:\/\/www.jacc.pt\/<\/a><br \/>\nJazz 6\/4 &#8211; <a href=\"https:\/\/sites.google.com\/site\/jazz6por4\/\">https:\/\/sites.google.com\/site\/jazz6por4\/<\/a><br \/>\nJazz ao Norte &#8211; <a href=\"https:\/\/www.facebook.com\/JazzAoNorte\">https:\/\/www.facebook.com\/JazzAoNorte<\/a><br \/>\nJazz Discography Project &#8211; <a href=\"http:\/\/www.jazzdisco.org\/\">http:\/\/www.jazzdisco.org\/<\/a><br \/>\nJazz Hot &#8211; <a href=\"http:\/\/www.jazzhot.net\/\">http:\/\/www.jazzhot.net\/<\/a><br \/>\nJazz Journalists Association &#8211; <a href=\"http:\/\/www.jazzhouse.org\/\">http:\/\/www.jazzhouse.org\/<\/a><br \/>\nJazz Magazine &#8211; <a href=\"http:\/\/www.jazzmagazine.com\/\">http:\/\/www.jazzmagazine.com\/<\/a><br \/>\nJazz no Pa\u00eds do Improviso &#8211; <a href=\"http:\/\/jnpdi.blogspot.pt\/\">http:\/\/jnpdi.blogspot.pt\/<\/a><br \/>\nJazz Portugal &#8211; <a href=\"http:\/\/www.jazzportugal.ua.pt\/web\/home.asp?lg=pt\">http:\/\/www.jazzportugal.ua.pt\/web\/home.asp?lg=pt<\/a><br \/>\nJazz Preview &#8211; <a href=\"http:\/\/www.jazzreview.com\/\">http:\/\/www.jazzreview.com\/<\/a><br \/>\nJazz Times &#8211; <a href=\"http:\/\/www.jazzreview.com\/\">http:\/\/www.jazzreview.com\/<\/a><br \/>\nJazz XXI &#8211; <a href=\"https:\/\/sites.google.com\/site\/jazzxxiproject\/\">https:\/\/sites.google.com\/site\/jazzxxiproject\/<\/a><br \/>\nJazz.pt &#8211; <a href=\"http:\/\/www.jacc.pt\/jazzpt\/\">http:\/\/www.jacc.pt\/jazzpt\/<\/a><br \/>\nJazzland Records &#8211; <a href=\"http:\/\/www.jazzlandrec.com\/\">http:\/\/www.jazzlandrec.com\/<\/a><br \/>\nJazz Logical &#8211; <a href=\"http:\/\/www.jazzlogical.net\/\">http:\/\/www.jazzlogical.net\/<\/a><br \/>\nJazzteca &#8211; <a href=\"http:\/\/ajazzteca.blogspot.pt\/\">http:\/\/ajazzteca.blogspot.pt\/<\/a><br \/>\nOh N\u00e3o&#8230; &#8211; <a href=\"http:\/\/www.zimk.blogspot.pt\/\">http:\/\/www.zimk.blogspot.pt\/<\/a><br \/>\nO S\u00edtio do Jazz &#8211; <a href=\"http:\/\/o_sitio_do_jazz.blogs.sapo.pt\/\">http:\/\/o_sitio_do_jazz.blogs.sapo.pt\/<\/a><br \/>\nProjazz &#8211; <a href=\"http:\/\/www.projazz.pt\/\">http:\/\/www.projazz.pt\/<\/a><br \/>\nSobre sites (jazz) &#8211; <a href=\"http:\/\/www.sobresites.com\/jazz\/\">http:\/\/www.sobresites.com\/jazz\/<\/a><br \/>\nNew York Times (Music) &#8211; <a href=\"http:\/\/www.nytimes.com\/pages\/arts\/music\/index.html\">http:\/\/www.nytimes.com\/pages\/arts\/music\/index.html<\/a><br \/>\nThe Village Voice (Music) Thelonius Monk Institute of Jazz &#8211;<a href=\"http:\/\/www.villagevoice.com\/music\">http:\/\/www.villagevoice.com\/music<\/a><br \/>\nTrem Azul &#8211; <a href=\"http:\/\/monkinstitute.org\/\">http:\/\/monkinstitute.org\/<\/a><br \/>\nVerve Music Group &#8211; <a href=\"http:\/\/www.vervemusicgroup.com\/\">http:\/\/www.vervemusicgroup.com\/<\/a><\/p>\n<\/div>\n","protected":false},"excerpt":{"rendered":"{:pt} A\u00c7ORES Governo dos A\u00e7ores - http:\/\/www.azores.gov.pt\/ C\u00e2mara Municipal de Angra do Hero\u00edsmo - www.cmah.pt Visit Azores - http:\/\/www.visitazores.com\/pt-pt Destinazores - http:\/\/www.destinazores.com\/ Azorestourism - http:\/\/www.azorestourism.com\/ IAC - http:\/\/www.iac-azores.org\/ MAH - http:\/\/museu-angra.azores.gov.pt\/ Hotel do Caracol - http:\/\/pt.hoteldocaracol.com\/ JAZZ All About Jazz - http:\/\/www.allaboutjazz.com\/ All That Jazz -https:\/\/coiso.wordpress.com\/ Associa\u00e7\u00e3o Gr\u00e9mio das M\u00fasicas - http:\/\/www.gremiodasmusicas.org\/net\/ Clean Feed -http:\/\/cleanfeed-records.com\/ [...]","protected":false},"author":1,"featured_media":0,"parent":0,"menu_order":0,"comment_status":"closed","ping_status":"closed","template":"","meta":{"footnotes":""},"class_list":["post-641","page","type-page","status-publish","hentry"],"translation":{"provider":"WPGlobus","version":"3.0.0","language":"en","enabled_languages":["pt","en"],"languages":{"pt":{"title":true,"content":true,"excerpt":false},"en":{"title":true,"content":true,"excerpt":false}}},"_links":{"self":[{"href":"https:\/\/edicao2016.angrajazz.com\/en\/wp-json\/wp\/v2\/pages\/641","targetHints":{"allow":["GET"]}}],"collection":[{"href":"https:\/\/edicao2016.angrajazz.com\/en\/wp-json\/wp\/v2\/pages"}],"about":[{"href":"https:\/\/edicao2016.angrajazz.com\/en\/wp-json\/wp\/v2\/types\/page"}],"author":[{"embeddable":true,"href":"https:\/\/edicao2016.angrajazz.com\/en\/wp-json\/wp\/v2\/users\/1"}],"replies":[{"embeddable":true,"href":"https:\/\/edicao2016.angrajazz.com\/en\/wp-json\/wp\/v2\/comments?post=641"}],"version-history":[{"count":4,"href":"https:\/\/edicao2016.angrajazz.com\/en\/wp-json\/wp\/v2\/pages\/641\/revisions"}],"predecessor-version":[{"id":929,"href":"https:\/\/edicao2016.angrajazz.com\/en\/wp-json\/wp\/v2\/pages\/641\/revisions\/929"}],"wp:attachment":[{"href":"https:\/\/edicao2016.angrajazz.com\/en\/wp-json\/wp\/v2\/media?parent=641"}],"curies":[{"name":"wp","href":"https:\/\/api.w.org\/{rel}","templated":true}]}}