{"id":675,"date":"2015-09-22T10:22:07","date_gmt":"2015-09-22T10:22:07","guid":{"rendered":"http:\/\/edicao2015.angrajazz.com\/?page_id=675"},"modified":"2015-10-02T10:26:32","modified_gmt":"2015-10-02T11:26:32","slug":"alojamento-e-viagens","status":"publish","type":"page","link":"https:\/\/edicao2016.angrajazz.com\/en\/alojamento-e-viagens\/","title":{"rendered":"Lodging &#038; Travel"},"content":{"rendered":"<h3>Lodging<\/h3>\n<div class=\"boxes\">\n<div class=\"box col-1-3\">\n<p><img loading=\"lazy\" decoding=\"async\" class=\"alignnone size-medium wp-image-770\" src=\"http:\/\/edicao2015.angrajazz.com\/wp-content\/uploads\/2015\/09\/angragarden-300x132.png\" alt=\"angragarden\" width=\"300\" height=\"132\" srcset=\"https:\/\/edicao2016.angrajazz.com\/wp-content\/uploads\/2015\/09\/angragarden-300x132.png 300w, https:\/\/edicao2016.angrajazz.com\/wp-content\/uploads\/2015\/09\/angragarden.png 680w\" sizes=\"auto, (max-width: 300px) 100vw, 300px\" \/><\/p>\n<h4>Angra Jardim Hotel ***<\/h4>\n<p>The Angra Garden Hotel is in the historic center of Angra do Hero\u00edsmo, considered since 1983 by UNESCO World Heritage Site.<br \/>\nWith a prime location on the main town square, the Angra Garden Hotel is framed in the beautiful Municipal Garden, offering its visitors and an amazing ride with superb views over the city.<br \/>\nThe Angra Garden Hotel was the first hotel to be in the city of Angra do Heroismo and find now completely refurbished and renovated, continuing however to maintain its appearance and position in the historical center of this World Heritage city. This unit is perfectly possible to reconcile the comfort expected of a quality hotel, with characteristic feature of this city.<\/p>\n<p><small>Pra\u00e7a da Restaura\u00e7\u00e3o<br \/>\n9700-201 Angra do Hero\u00edsmo<br \/>\nTel +351 295 206 600<br \/>\nFax +351 295 206 650<br \/>\n<a href=\"http:\/\/www.angragardenhotelazores.com\/homepage.html\">www.angragardenhotelazores.com<\/a><\/small><\/p>\n<\/div>\n<div class=\"box col-1-3\">\n<p><img loading=\"lazy\" decoding=\"async\" class=\"alignnone size-medium wp-image-771\" src=\"http:\/\/edicao2015.angrajazz.com\/wp-content\/uploads\/2015\/09\/beiramar-300x132.png\" alt=\"beiramar\" width=\"300\" height=\"132\" srcset=\"https:\/\/edicao2016.angrajazz.com\/wp-content\/uploads\/2015\/09\/beiramar-300x132.png 300w, https:\/\/edicao2016.angrajazz.com\/wp-content\/uploads\/2015\/09\/beiramar.png 680w\" sizes=\"auto, (max-width: 300px) 100vw, 300px\" \/><\/p>\n<h4>Hotel Beira Mar ***<\/h4>\n<p>Beira Mar Hotel has available rooms, which provide the environment for the well-deserved rest.<\/p>\n<p>With air conditioning, private bathroom, telephone, television, cable TV, mini bar and reception service permanently, we offer the best conditions for a luxurious stay.<\/p>\n<p>Make your reservation!<\/p>\n<p><small>Largo Miguel Corte Real, 1 a 5 \u2013 S\u00e9<br \/>\n9700-191 Angra do Hero\u00edsmo<br \/>\nTel +351 295 215 188<br \/>\nFax +351 295 628 248<br \/>\n<a href=\"http:\/\/www.hotelbeiramar.com\/\">www.hotelbeiramar.com<\/a><\/small><\/p>\n<\/div>\n<div class=\"box col-1-3 last\">\n<p><img loading=\"lazy\" decoding=\"async\" class=\"alignnone size-medium wp-image-772\" src=\"http:\/\/edicao2015.angrajazz.com\/wp-content\/uploads\/2015\/09\/hotelcaracol-300x132.png\" alt=\"hotelcaracol\" width=\"300\" height=\"132\" srcset=\"https:\/\/edicao2016.angrajazz.com\/wp-content\/uploads\/2015\/09\/hotelcaracol-300x132.png 300w, https:\/\/edicao2016.angrajazz.com\/wp-content\/uploads\/2015\/09\/hotelcaracol.png 680w\" sizes=\"auto, (max-width: 300px) 100vw, 300px\" \/><\/p>\n<h4>Hotel do Caracol ****<\/h4>\n<p>The Hotel do Caracol is located in the west of Angra do Heroismo, in a prime location.<\/p>\n<p>Along the Atlantic Ocean, in the middle of the Silveira bathing area, framed by Monte Brazil, which dominates the Ba\u00eda da Silveira. It offers a breathtaking view, dominated the contrast between the blue sea and green vegetation.<\/p>\n<p>Just 10 minutes walk from the city of Angra do Heroismo, classified as World Heritage by UNESCO since 1983<\/p>\n<p><small>Lugar da Nasce \u00c1gua<br \/>\n9700-236 Angra do Hero\u00edsmo<br \/>\nTel +351 295 628 501<br \/>\nFax +351 295 628 502<\/small><\/p>\n<\/div>\n<div class=\"clear\"><\/div><\/div>\n<div class=\"boxes\">\n<div class=\"box col-1-3\">\n<p><img loading=\"lazy\" decoding=\"async\" class=\"alignnone size-medium wp-image-774\" src=\"http:\/\/edicao2015.angrajazz.com\/wp-content\/uploads\/2015\/09\/nasceagua-300x132.png\" alt=\"nasceagua\" width=\"300\" height=\"132\" srcset=\"https:\/\/edicao2016.angrajazz.com\/wp-content\/uploads\/2015\/09\/nasceagua-300x132.png 300w, https:\/\/edicao2016.angrajazz.com\/wp-content\/uploads\/2015\/09\/nasceagua.png 680w\" sizes=\"auto, (max-width: 300px) 100vw, 300px\" \/><\/p>\n<h4>Quinta da Nasce \u00c1gua<\/h4>\n<p>With a prime location Quinta da Nasce-\u00c1gua is situated 3 km from the city of Angra do Heroismo, classified since 1983 as World Heritage City by UNESCO.<\/p>\n<p>It was the first tourism unit housing to emerge in the Azores, the result of a carefully designed adaptation of an old Mansion House for a tourist facility. It has 14 rooms, a Presidential Suite and a Junior Suite.<\/p>\n<p>Here you will find complete peace and well-being to enjoy every moment of very desirable vacation or a business trip in which they feel &#8220;at home&#8221; with all amenities.<\/p>\n<p><small>Estrada Regional n\u00ba1 \u2013 Silveira<br \/>\n9700-193 Angra do Hero\u00edsmo<br \/>\nTel +351 295 402 600<br \/>\nFax +351 295 402 610<br \/>\n<a href=\"http:\/\/www.hotelbeiramar.com\/\">www.hoteldocaracol.com<\/a><\/small><\/p>\n<\/div>\n<div class=\"box col-1-3\">\n<p><img loading=\"lazy\" decoding=\"async\" class=\"alignnone size-medium wp-image-773\" src=\"http:\/\/edicao2015.angrajazz.com\/wp-content\/uploads\/2015\/09\/merces-300x132.png\" alt=\"merces\" width=\"300\" height=\"132\" srcset=\"https:\/\/edicao2016.angrajazz.com\/wp-content\/uploads\/2015\/09\/merces-300x132.png 300w, https:\/\/edicao2016.angrajazz.com\/wp-content\/uploads\/2015\/09\/merces.png 680w\" sizes=\"auto, (max-width: 300px) 100vw, 300px\" \/><\/p>\n<h4>Quinta da Nossa Senhora das Merc\u00eas<\/h4>\n<p>The Quinta de Nossa Senhora das Merc\u00eas, located in a privileged protected area of Monte Brazil, in Terceira, the line grows from the sea by a area of \u200b\u200babout 35mil square meters inside the island.<\/p>\n<p>Fully combines the maritime influence with a dense area of \u200b\u200bAtlantic forest arquetect\u00f3nico involving a set of great historical and cultural value.<\/p>\n<p>The Quinta de Nossa Senhora das Merc\u00eas is a unique space where nature is related harmiosamente with a rich historical heritage, allowing an unforgettable experience.<\/p>\n<p><small>Caminho de Baixo \u2013 S\u00e3o Mateus<br \/>\n9700-559 Angra do Hero\u00edsmo<br \/>\nTel +351 295 642 588<br \/>\nFax +351 295 642 540<br \/>\n<a href=\"http:\/\/www.quintadasmerces.com\">www.quintadasmerces.com<\/a><\/small><\/p>\n<\/div>\n<div class=\"box col-1-3 last\">\n<p><img loading=\"lazy\" decoding=\"async\" class=\"alignnone size-medium wp-image-765\" src=\"http:\/\/edicao2015.angrajazz.com\/wp-content\/uploads\/2015\/09\/scarlos-300x132.png\" alt=\"scarlos\" width=\"300\" height=\"132\" srcset=\"https:\/\/edicao2016.angrajazz.com\/wp-content\/uploads\/2015\/09\/scarlos-300x132.png 300w, https:\/\/edicao2016.angrajazz.com\/wp-content\/uploads\/2015\/09\/scarlos.png 680w\" sizes=\"auto, (max-width: 300px) 100vw, 300px\" \/><\/p>\n<h4>Quinta de S\u00e3o Carlos<\/h4>\n<p>The earliest reference to this Quinta, 1793, and is a Notary Notes John Grangeiro in Angra do Heroismo.<\/p>\n<p>Belonging to the Family of the current owners since 1872, is located in one of the most delightful of Terceira Island (Azores), five minutes from the Historic Centre of Angra Heroism, distinguished as World Heritage by UNESCO.<\/p>\n<p>Recently adapted to the Manor house, with its 6 rooms with air conditioning, telephone and cable TV, in addition to the house and pool where the owners are committed to providing a high quality service, visitors can still enjoy all the beauty , stillness and harmony of the gardens and park that stretch for about 8,000 m2.<\/p>\n<p><small>Caminho do Meio, 38<br \/>\n9700-222 Angra do Hero\u00edsmo<br \/>\nTel +351 295 332 298<br \/>\nFax +351 295 331 566<\/small><\/p>\n<\/div>\n<div class=\"clear\"><\/div><\/div>\n<div class=\"col-1-3\">\n<p><img loading=\"lazy\" decoding=\"async\" class=\"alignnone size-medium wp-image-762\" src=\"http:\/\/edicao2015.angrajazz.com\/wp-content\/uploads\/2015\/09\/martelo-300x132.png\" alt=\"martelo\" width=\"300\" height=\"132\" srcset=\"https:\/\/edicao2016.angrajazz.com\/wp-content\/uploads\/2015\/09\/martelo-300x132.png 300w, https:\/\/edicao2016.angrajazz.com\/wp-content\/uploads\/2015\/09\/martelo.png 680w\" sizes=\"auto, (max-width: 300px) 100vw, 300px\" \/><\/p>\n<h4>Quinta do Martelo<\/h4>\n<p>Quinta do Martelo &#8211; Rural Tourism in a house with six rooms and one with four rooms with private bathroom.<\/p>\n<p>Bed and Breakfast &#8211; &#8220;Casa do Povoador&#8221; and &#8220;Casa dos Velhotes&#8221; in the entrance hall, bedroom, kitchen and bathroom.<\/p>\n<p><small>Canada do Martelo \u2013 S.Mateus<br \/>\n9700-576 Angra do Hero<br \/>\nTel +351 295 642 842<br \/>\nFax +351 295 642 841<br \/>\n<a href=\"http:\/\/quintadomartelo.net\/\">www.quintadomartelo.net<\/a><\/small><\/p>\n<\/div>\n<div class=\"col-1-3\">\n<p><img loading=\"lazy\" decoding=\"async\" class=\"alignnone size-medium wp-image-756\" src=\"http:\/\/edicao2015.angrajazz.com\/wp-content\/uploads\/2015\/09\/terceiramar-300x132.png\" alt=\"terceiramar\" width=\"300\" height=\"132\" srcset=\"https:\/\/edicao2016.angrajazz.com\/wp-content\/uploads\/2015\/09\/terceiramar-300x132.png 300w, https:\/\/edicao2016.angrajazz.com\/wp-content\/uploads\/2015\/09\/terceiramar.png 680w\" sizes=\"auto, (max-width: 300px) 100vw, 300px\" \/><\/p>\n<h4>Terceira Mar Hotel ****<\/h4>\n<p>One of the privileges of Terceira Mar Hotel is its setting: the sea, overlooking the bay of Fanal and having the other side of the cove the iconic Monte Brazil.<\/p>\n<p>Just five minutes walk from the center, Angra do Heroismo history, World Heritage City by UNESCO, this resort hotel the tranquility, comfort, entertainment and a thoughtful and attentive service are available to all customers.<\/p>\n<p><small>Ba\u00eda do Fanal<br \/>\n9700-193 Angra do Hero\u00edsmo<br \/>\nTel +351 295 301 880<br \/>\nFax +351 296 306 881<br \/>\n<a href=\"http:\/\/www.bensaude.pt\/terceiramarhotel\/\">www.bensaude.pt\/terceiramarhotel<\/a><\/small><\/p>\n<\/div>\n<div class=\"col-1-3 last\"><\/div>\n<hr \/>\n<h3>Travel<\/h3>\n<div class=\"col-1-3\">\n<p><img loading=\"lazy\" decoding=\"async\" class=\"alignnone size-medium wp-image-769\" src=\"http:\/\/edicao2015.angrajazz.com\/wp-content\/uploads\/2015\/09\/angra2000-300x132.png\" alt=\"angra2000\" width=\"300\" height=\"132\" srcset=\"https:\/\/edicao2016.angrajazz.com\/wp-content\/uploads\/2015\/09\/angra2000-300x132.png 300w, https:\/\/edicao2016.angrajazz.com\/wp-content\/uploads\/2015\/09\/angra2000.png 680w\" sizes=\"auto, (max-width: 300px) 100vw, 300px\" \/><\/p>\n<h4>Angra 2000<\/h4>\n<p>The Angra 2000 Travel and Tourism, born in January 1993.<\/p>\n<p>As a Travel Agency consists of a young team, Angra 2000 annually publishes a booklet aimed at confidential rates for Travel Agencies and Tour Operators from around the world allowing the sale of Hotels, Transfers, Tours, Rent-a-car, Tourist Activities, etc.. Azores at very competitive prices.<\/p>\n<p>With representatives in all the islands, we offer a VIP service to all our customers.<\/p>\n<p><small>Rua Carreira dos Cavalos, 26-A<br \/>\n9700-167 Angra do Hero\u00edsmo<br \/>\nTel +351 295 215 555<br \/>\nFax +351 295 217 222<br \/>\n<a href=\"http:\/\/www.angra2000.com\">www.angra2000.com<\/a><\/small><\/p>\n<p>&nbsp;<\/p>\n<p>&nbsp;<\/p>\n<\/div>\n<div class=\"col-1-3\">\n<p><img loading=\"lazy\" decoding=\"async\" class=\"alignnone size-medium wp-image-753\" src=\"http:\/\/edicao2015.angrajazz.com\/wp-content\/uploads\/2015\/09\/topatlantico-300x132.png\" alt=\"topatlantico\" width=\"300\" height=\"132\" srcset=\"https:\/\/edicao2016.angrajazz.com\/wp-content\/uploads\/2015\/09\/topatlantico-300x132.png 300w, https:\/\/edicao2016.angrajazz.com\/wp-content\/uploads\/2015\/09\/topatlantico.png 680w\" sizes=\"auto, (max-width: 300px) 100vw, 300px\" \/><\/p>\n<h4>Top Atl\u00e2ntico<\/h4>\n<p>The Top Atlantic is proud to be the largest branch network in Portugal, and great power brings many responsibilities as such still around here with the best and most Varied offer for your holiday, for your breaks, for their refuges &#8230;<br \/>\nEssentially we are here for You and You.<\/p>\n<p><small>Contacto: Eva Costa<br \/>\nRua Direita 76, S\u00e9<br \/>\n9700-066 Angra do Hero\u00edsmo<br \/>\nTel +351 295 214 035<br \/>\nFax +351 295 214 044<br \/>\nemail: <a href=\"mailto:eva.costa@topatlantico.com\">eva.costa@topatlantico.com<\/a><br \/>\n<a href=\"http:\/\/www.topatlantico.pt\/\">www.topatlantico.pt<\/a><\/small><\/p>\n<\/div>\n<div class=\"col-1-3 last\">\n<p><img loading=\"lazy\" decoding=\"async\" class=\"alignnone size-medium wp-image-759\" src=\"http:\/\/edicao2015.angrajazz.com\/wp-content\/uploads\/2015\/09\/tap-300x132.png\" alt=\"tap\" width=\"300\" height=\"132\" srcset=\"https:\/\/edicao2016.angrajazz.com\/wp-content\/uploads\/2015\/09\/tap-300x132.png 300w, https:\/\/edicao2016.angrajazz.com\/wp-content\/uploads\/2015\/09\/tap.png 680w\" sizes=\"auto, (max-width: 300px) 100vw, 300px\" \/><\/p>\n<h4>TAP<\/h4>\n<p>TAP is a Portuguese airline market leader, which celebrated its 60th anniversary on March 14, 2005, when it also became a member of Star Alliance, the largest global alliance of airlines worldwide.<\/p>\n<p><small>Rua S\u00e9 144,1\u00ba, S\u00e9<br \/>\n9700-191 Angra do Hero\u00edsmo<br \/>\nTel +351 295 206 460<br \/>\nFax +351 295 206 476<br \/>\n<a href=\"http:\/\/www.flytap.com\/\">www.flytap.com<\/a><\/small><\/p>\n<\/div>\n","protected":false},"excerpt":{"rendered":"<p>Lodging Travel<\/p>\n","protected":false},"author":1,"featured_media":0,"parent":0,"menu_order":0,"comment_status":"closed","ping_status":"closed","template":"","meta":{"footnotes":""},"class_list":["post-675","page","type-page","status-publish","hentry"],"translation":{"provider":"WPGlobus","version":"3.0.0","language":"en","enabled_languages":["pt","en"],"languages":{"pt":{"title":true,"content":true,"excerpt":false},"en":{"title":true,"content":true,"excerpt":false}}},"_links":{"self":[{"href":"https:\/\/edicao2016.angrajazz.com\/en\/wp-json\/wp\/v2\/pages\/675","targetHints":{"allow":["GET"]}}],"collection":[{"href":"https:\/\/edicao2016.angrajazz.com\/en\/wp-json\/wp\/v2\/pages"}],"about":[{"href":"https:\/\/edicao2016.angrajazz.com\/en\/wp-json\/wp\/v2\/types\/page"}],"author":[{"embeddable":true,"href":"https:\/\/edicao2016.angrajazz.com\/en\/wp-json\/wp\/v2\/users\/1"}],"replies":[{"embeddable":true,"href":"https:\/\/edicao2016.angrajazz.com\/en\/wp-json\/wp\/v2\/comments?post=675"}],"version-history":[{"count":18,"href":"https:\/\/edicao2016.angrajazz.com\/en\/wp-json\/wp\/v2\/pages\/675\/revisions"}],"predecessor-version":[{"id":1111,"href":"https:\/\/edicao2016.angrajazz.com\/en\/wp-json\/wp\/v2\/pages\/675\/revisions\/1111"}],"wp:attachment":[{"href":"https:\/\/edicao2016.angrajazz.com\/en\/wp-json\/wp\/v2\/media?parent=675"}],"curies":[{"name":"wp","href":"https:\/\/api.w.org\/{rel}","templated":true}]}}